{"id":126,"date":"2023-10-30T09:13:07","date_gmt":"2023-10-30T08:13:07","guid":{"rendered":"http:\/\/traiteur.labulledo.com\/?page_id=126"},"modified":"2023-10-30T09:14:58","modified_gmt":"2023-10-30T08:14:58","slug":"catalogue","status":"publish","type":"page","link":"https:\/\/traiteur.labulledo.com\/index.php\/catalogue\/","title":{"rendered":"Catalogue"},"content":{"rendered":"\n<p>Ce catalogue concerne les prestations pour 8 personnes minimum avec des quantit\u00e9s<br>en rapport.<br>Pour les autres demandes, contactez directement le Chef au <strong>06 20 04 27 79<\/strong>.<br>Il saura vous conseiller en fonction des produits de saison et vous proposer<br>la cuisine du march\u00e9 en fonction des envies du moment.<br><br>Des <strong>plateaux-repas<\/strong> peuvent \u00eatre compos\u00e9s sur mesure, nous contacter.<br><br>Les <strong>plats du jour<\/strong> sont \u00e9galement \u00e0 votre disposition en casiers r\u00e9frig\u00e9r\u00e9s au<br><strong>41 rue de Versailles \u00e0 St Laurent Blangy.<\/strong><br>Le menu du jour est affich\u00e9 en vitrine et sur <strong><a href=\"https:\/\/www.facebook.com\/LaBulleDo\/\" target=\"_blank\" rel=\"noreferrer noopener\">Facebook<\/a>.<\/strong><\/p>\n\n\n\n<p><strong><a href=\"http:\/\/traiteur.labulledo.com\/pdf\/catalogue.pdf\" target=\"_blank\" rel=\"noopener\" title=\"T\u00e9l\u00e9charger le catalogue\">T\u00e9l\u00e9charger le catalogue<\/a><\/strong><\/p>\n","protected":false},"excerpt":{"rendered":"<p>Ce catalogue concerne les prestations pour 8 personnes minimum avec des quantit\u00e9sen rapport.Pour les autres demandes, contactez directement le Chef au 06 20 04 27 79.Il saura vous conseiller en fonction des produits de saison et vous proposerla cuisine du march\u00e9 en fonction des envies du moment. Des plateaux-repas peuvent &hellip; <\/p>\n","protected":false},"author":1,"featured_media":0,"parent":0,"menu_order":0,"comment_status":"closed","ping_status":"closed","template":"","meta":{"ngg_post_thumbnail":0,"footnotes":""},"class_list":["post-126","page","type-page","status-publish","hentry"],"aioseo_notices":[],"_links":{"self":[{"href":"https:\/\/traiteur.labulledo.com\/index.php\/wp-json\/wp\/v2\/pages\/126","targetHints":{"allow":["GET"]}}],"collection":[{"href":"https:\/\/traiteur.labulledo.com\/index.php\/wp-json\/wp\/v2\/pages"}],"about":[{"href":"https:\/\/traiteur.labulledo.com\/index.php\/wp-json\/wp\/v2\/types\/page"}],"author":[{"embeddable":true,"href":"https:\/\/traiteur.labulledo.com\/index.php\/wp-json\/wp\/v2\/users\/1"}],"replies":[{"embeddable":true,"href":"https:\/\/traiteur.labulledo.com\/index.php\/wp-json\/wp\/v2\/comments?post=126"}],"version-history":[{"count":3,"href":"https:\/\/traiteur.labulledo.com\/index.php\/wp-json\/wp\/v2\/pages\/126\/revisions"}],"predecessor-version":[{"id":129,"href":"https:\/\/traiteur.labulledo.com\/index.php\/wp-json\/wp\/v2\/pages\/126\/revisions\/129"}],"wp:attachment":[{"href":"https:\/\/traiteur.labulledo.com\/index.php\/wp-json\/wp\/v2\/media?parent=126"}],"curies":[{"name":"wp","href":"https:\/\/api.w.org\/{rel}","templated":true}]}}