{"id":227,"date":"2024-11-14T19:03:59","date_gmt":"2024-11-14T18:03:59","guid":{"rendered":"http:\/\/traiteur.labulledo.com\/?post_type=product&#038;p=227"},"modified":"2024-12-13T20:07:05","modified_gmt":"2024-12-13T19:07:05","slug":"menu-de-noel","status":"publish","type":"product","link":"https:\/\/traiteur.labulledo.com\/index.php\/produit\/menu-de-noel\/","title":{"rendered":"1-Menu complet de No\u00ebl (volaille)"},"content":{"rendered":"<p><strong>Entr\u00e9e<\/strong><\/p>\n<p>&#8211; Tartare de St Jacques au citron vert.<\/p>\n<p><strong>Plat<\/strong><br \/>\n&#8211; Caille desoss\u00e9e farcie aux pistaches, gratin de pomme-de-terre, l\u00e9gumes vari\u00e9s.<\/p>\n<p><strong>Dessert<\/strong><br \/>\n&#8211; Gros macaron Noisettes Framboises.<\/p>\n<p>&nbsp;<\/p>\n<p><strong>Les menus sont d\u00e9livr\u00e9s le 24 d\u00e9cembre \u00e0 partir de 9h au 41 rue de Versailles \u00e0 St Laurent-Blangy.<\/strong><\/p>\n<p>Pas de livraison<\/p>\n<p>&nbsp;<\/p>\n<p>&nbsp;<\/p>\n","protected":false},"excerpt":{"rendered":"<p>&#8211; Tartare de St Jacques au citron vert.<br \/>\n&#8211; Caille farcie aux pistaches, gratin , l\u00e9gumes.<br \/>\n&#8211; Gros macaron Noisettes\/Framboises.<\/p>\n<p>Voir d\u00e9tail ci-dessous<\/p>\n","protected":false},"featured_media":229,"template":"","meta":{"ngg_post_thumbnail":0},"product_brand":[],"product_cat":[18],"product_tag":[],"class_list":{"0":"post-227","1":"product","2":"type-product","3":"status-publish","4":"has-post-thumbnail","6":"product_cat-menu-de-noel","8":"first","9":"outofstock","10":"shipping-taxable","11":"purchasable","12":"product-type-simple"},"aioseo_notices":[],"_links":{"self":[{"href":"https:\/\/traiteur.labulledo.com\/index.php\/wp-json\/wp\/v2\/product\/227","targetHints":{"allow":["GET"]}}],"collection":[{"href":"https:\/\/traiteur.labulledo.com\/index.php\/wp-json\/wp\/v2\/product"}],"about":[{"href":"https:\/\/traiteur.labulledo.com\/index.php\/wp-json\/wp\/v2\/types\/product"}],"wp:featuredmedia":[{"embeddable":true,"href":"https:\/\/traiteur.labulledo.com\/index.php\/wp-json\/wp\/v2\/media\/229"}],"wp:attachment":[{"href":"https:\/\/traiteur.labulledo.com\/index.php\/wp-json\/wp\/v2\/media?parent=227"}],"wp:term":[{"taxonomy":"product_brand","embeddable":true,"href":"https:\/\/traiteur.labulledo.com\/index.php\/wp-json\/wp\/v2\/product_brand?post=227"},{"taxonomy":"product_cat","embeddable":true,"href":"https:\/\/traiteur.labulledo.com\/index.php\/wp-json\/wp\/v2\/product_cat?post=227"},{"taxonomy":"product_tag","embeddable":true,"href":"https:\/\/traiteur.labulledo.com\/index.php\/wp-json\/wp\/v2\/product_tag?post=227"}],"curies":[{"name":"wp","href":"https:\/\/api.w.org\/{rel}","templated":true}]}}