{"id":251,"date":"2024-11-18T11:58:22","date_gmt":"2024-11-18T10:58:22","guid":{"rendered":"https:\/\/traiteur.labulledo.com\/?post_type=product&#038;p=251"},"modified":"2024-12-13T20:06:43","modified_gmt":"2024-12-13T19:06:43","slug":"caille-farcie","status":"publish","type":"product","link":"https:\/\/traiteur.labulledo.com\/index.php\/produit\/caille-farcie\/","title":{"rendered":"3-Caille farcie"},"content":{"rendered":"<p><strong>Plat de No\u00ebl<\/strong><\/p>\n<p>\u2013 Caille d\u00e9soss\u00e9e&nbsp; farcie aux pistaches, gratin de pomme de terre , l\u00e9gumes vari\u00e9s.<\/p>\n","protected":false},"excerpt":{"rendered":"<p>\u2013 Caille d\u00e9soss\u00e9e&nbsp; farcie aux pistaches, gratin de pomme de terre , l\u00e9gumes vari\u00e9s.<\/p>\n","protected":false},"featured_media":229,"template":"","meta":{"ngg_post_thumbnail":0},"product_brand":[],"product_cat":[18],"product_tag":[],"class_list":{"0":"post-251","1":"product","2":"type-product","3":"status-publish","4":"has-post-thumbnail","6":"product_cat-menu-de-noel","8":"first","9":"outofstock","10":"shipping-taxable","11":"purchasable","12":"product-type-simple"},"aioseo_notices":[],"_links":{"self":[{"href":"https:\/\/traiteur.labulledo.com\/index.php\/wp-json\/wp\/v2\/product\/251","targetHints":{"allow":["GET"]}}],"collection":[{"href":"https:\/\/traiteur.labulledo.com\/index.php\/wp-json\/wp\/v2\/product"}],"about":[{"href":"https:\/\/traiteur.labulledo.com\/index.php\/wp-json\/wp\/v2\/types\/product"}],"wp:featuredmedia":[{"embeddable":true,"href":"https:\/\/traiteur.labulledo.com\/index.php\/wp-json\/wp\/v2\/media\/229"}],"wp:attachment":[{"href":"https:\/\/traiteur.labulledo.com\/index.php\/wp-json\/wp\/v2\/media?parent=251"}],"wp:term":[{"taxonomy":"product_brand","embeddable":true,"href":"https:\/\/traiteur.labulledo.com\/index.php\/wp-json\/wp\/v2\/product_brand?post=251"},{"taxonomy":"product_cat","embeddable":true,"href":"https:\/\/traiteur.labulledo.com\/index.php\/wp-json\/wp\/v2\/product_cat?post=251"},{"taxonomy":"product_tag","embeddable":true,"href":"https:\/\/traiteur.labulledo.com\/index.php\/wp-json\/wp\/v2\/product_tag?post=251"}],"curies":[{"name":"wp","href":"https:\/\/api.w.org\/{rel}","templated":true}]}}